{"id":1418,"date":"2020-12-21T13:50:09","date_gmt":"2020-12-21T11:50:09","guid":{"rendered":"http:\/\/www.bte.ee\/?page_id=1418"},"modified":"2021-02-11T14:31:43","modified_gmt":"2021-02-11T12:31:43","slug":"remont-oborudovaniya","status":"publish","type":"page","link":"https:\/\/www.bte.ee\/et\/tehnika-remont\/","title":{"rendered":"Tehnika remont"},"content":{"rendered":"<p>[vc_row][vc_column width=&#8221;1\/4&#8243;][vc_single_image image=&#8221;1428&#8243; img_size=&#8221;large&#8221; parallax_scroll=&#8221;no&#8221;][\/vc_column][vc_column width=&#8221;3\/4&#8243;][vc_column_text text_larger=&#8221;no&#8221;]<span style=\"font-size: 20px;\">Pakume sadamaterminalide tehnika, sealhulgas \u00fclekandemehhanismide, mootorite ja veosildade kvaliteetset remonditeenust. Kui Teie tehnika vajab \u00f5igeaegset remonti v\u00f5i osade v\u00e4ljavahetust, on meie teenused Teie jaoks!<\/span><\/p>\n<p><span style=\"font-size: 20px;\">Meie meeskonnas on k\u00f5rgelt kvalifitseeritud spetsialistid, kes l\u00e4bivad perioodiliselt koolitusi ja t\u00e4iendavad oma oskusi.<\/span><\/p>\n<p><span style=\"font-size: 20px;\">Omades pikaajalisi ja tugevaid sidemeid oma partneritega, remondime peaaegu igat liiki terminalitehnikat Eestis, L\u00e4tis ja Leedus.<\/span>[\/vc_column_text][\/vc_column][\/vc_row]<\/p>","protected":false},"excerpt":{"rendered":"<p>[vc_row][vc_column width=&#8221;1\/4&#8243;][vc_single_image image=&#8221;1428&#8243; img_size=&#8221;large&#8221; parallax_scroll=&#8221;no&#8221;][\/vc_column][vc_column width=&#8221;3\/4&#8243;][vc_column_text text_larger=&#8221;no&#8221;]Pakume sadamaterminalide tehnika, sealhulgas \u00fclekandemehhanismide, mootorite ja veosildade kvaliteetset remonditeenust. Kui Teie tehnika vajab<\/p>\n","protected":false},"author":2,"featured_media":0,"parent":0,"menu_order":0,"comment_status":"closed","ping_status":"closed","template":"","meta":[],"_links":{"self":[{"href":"https:\/\/www.bte.ee\/et\/wp-json\/wp\/v2\/pages\/1418"}],"collection":[{"href":"https:\/\/www.bte.ee\/et\/wp-json\/wp\/v2\/pages"}],"about":[{"href":"https:\/\/www.bte.ee\/et\/wp-json\/wp\/v2\/types\/page"}],"author":[{"embeddable":true,"href":"https:\/\/www.bte.ee\/et\/wp-json\/wp\/v2\/users\/2"}],"replies":[{"embeddable":true,"href":"https:\/\/www.bte.ee\/et\/wp-json\/wp\/v2\/comments?post=1418"}],"version-history":[{"count":7,"href":"https:\/\/www.bte.ee\/et\/wp-json\/wp\/v2\/pages\/1418\/revisions"}],"predecessor-version":[{"id":1950,"href":"https:\/\/www.bte.ee\/et\/wp-json\/wp\/v2\/pages\/1418\/revisions\/1950"}],"wp:attachment":[{"href":"https:\/\/www.bte.ee\/et\/wp-json\/wp\/v2\/media?parent=1418"}],"curies":[{"name":"wp","href":"https:\/\/api.w.org\/{rel}","templated":true}]}}