{"id":1420,"date":"2020-12-21T13:53:02","date_gmt":"2020-12-21T11:53:02","guid":{"rendered":"http:\/\/www.bte.ee\/?page_id=1420"},"modified":"2021-02-11T22:19:35","modified_gmt":"2021-02-11T20:19:35","slug":"konsultaczii","status":"publish","type":"page","link":"https:\/\/www.bte.ee\/et\/konsultatsioon\/","title":{"rendered":"Konsultatsioon"},"content":{"rendered":"<p>[vc_row][vc_column width=&#8221;1\/3&#8243;][vc_single_image image=&#8221;1444&#8243; img_size=&#8221;large&#8221; parallax_scroll=&#8221;no&#8221;][\/vc_column][vc_column width=&#8221;2\/3&#8243;][vc_column_text text_larger=&#8221;no&#8221;]<span style=\"font-size: 20px;\">Hea teenindus ja kvaliteetne t\u00f6\u00f6 on meie firma kreedo. Pakume veoste k\u00e4itlemisel ja teisaldamisel v\u00e4ga hea mainega tootjafirmade kaupu.<\/span><\/p>\n<p><span style=\"font-size: 20px;\">Selliste tootjate hulgas on n\u00e4iteks CVS Ferrari, mis on konteinerite ja eriti raske lasti k\u00e4itlemiseks ette n\u00e4htud t\u00f5ste- ja teisaldusseadmete \u00fclemaailmne tarnija.<\/span><\/p>\n<p><span style=\"font-size: 20px;\">Meie kvalifitseeritud t\u00f6\u00f6tajad on valmis pakkuma klientidele professionaalset n\u00f5u ja optimaalseid lahendusi mis tahes t\u00fc\u00fcpi terminalide t\u00f5ste- ja teisaldustehnika ning spetsiaalseadmete valimisel ja ostmisel.<\/span><\/p>\n<p><span style=\"font-size: 20px;\">Vajadusel t\u00f6\u00f6tame v\u00e4lja tehnoloogilise skeemi, v\u00f5ttes arvesse lasti v\u00f5i terminali omadusi. Me ei j\u00e4ta t\u00e4helepanuta kliendi individuaalseid soove.<\/span>[\/vc_column_text][\/vc_column][\/vc_row]<\/p>","protected":false},"excerpt":{"rendered":"<p>[vc_row][vc_column width=&#8221;1\/3&#8243;][vc_single_image image=&#8221;1444&#8243; img_size=&#8221;large&#8221; parallax_scroll=&#8221;no&#8221;][\/vc_column][vc_column width=&#8221;2\/3&#8243;][vc_column_text text_larger=&#8221;no&#8221;]Hea teenindus ja kvaliteetne t\u00f6\u00f6 on meie firma kreedo. Pakume veoste k\u00e4itlemisel ja teisaldamisel<\/p>\n","protected":false},"author":2,"featured_media":0,"parent":0,"menu_order":0,"comment_status":"closed","ping_status":"closed","template":"","meta":[],"_links":{"self":[{"href":"https:\/\/www.bte.ee\/et\/wp-json\/wp\/v2\/pages\/1420"}],"collection":[{"href":"https:\/\/www.bte.ee\/et\/wp-json\/wp\/v2\/pages"}],"about":[{"href":"https:\/\/www.bte.ee\/et\/wp-json\/wp\/v2\/types\/page"}],"author":[{"embeddable":true,"href":"https:\/\/www.bte.ee\/et\/wp-json\/wp\/v2\/users\/2"}],"replies":[{"embeddable":true,"href":"https:\/\/www.bte.ee\/et\/wp-json\/wp\/v2\/comments?post=1420"}],"version-history":[{"count":8,"href":"https:\/\/www.bte.ee\/et\/wp-json\/wp\/v2\/pages\/1420\/revisions"}],"predecessor-version":[{"id":1948,"href":"https:\/\/www.bte.ee\/et\/wp-json\/wp\/v2\/pages\/1420\/revisions\/1948"}],"wp:attachment":[{"href":"https:\/\/www.bte.ee\/et\/wp-json\/wp\/v2\/media?parent=1420"}],"curies":[{"name":"wp","href":"https:\/\/api.w.org\/{rel}","templated":true}]}}