{"id":75,"date":"2020-09-23T12:32:57","date_gmt":"2020-09-23T10:32:57","guid":{"rendered":"http:\/\/www.bte.ee\/et\/?page_id=75"},"modified":"2021-02-11T14:25:14","modified_gmt":"2021-02-11T12:25:14","slug":"remont","status":"publish","type":"page","link":"https:\/\/www.bte.ee\/et\/seadmete-remont-ja-hooldus\/","title":{"rendered":"Tehnika hooldus"},"content":{"rendered":"<p>[vc_row][vc_column width=&#8221;1\/3&#8243;][vc_single_image image=&#8221;1429&#8243; img_size=&#8221;large&#8221; parallax_scroll=&#8221;no&#8221;][\/vc_column][vc_column width=&#8221;2\/3&#8243;][vc_column_text text_larger=&#8221;no&#8221;]<span style=\"font-size: 20px;\">Meie m\u00fc\u00fcdav spetsiaaltehnika on kvaliteetne, usaldusv\u00e4\u00e4rne ja t\u00e4nap\u00e4evane. Sellise tehnika tootmise kohustuslik eeldus on vastavus rahvusvahelistele standarditele.<\/span><\/p>\n<p><span style=\"font-size: 20px;\">Meilt ostetud seadmetele pakume garantiiaegset ja -j\u00e4rgset hooldust.<\/span><\/p>\n<p><span style=\"font-size: 20px;\">Teeme ka igat liiki sadamaterminalide tehnika remonti ja hooldust, mis ei kuulu garantii alla ja on ostetud teistelt tarnijatelt.<\/span>[\/vc_column_text][\/vc_column][\/vc_row]<\/p>","protected":false},"excerpt":{"rendered":"<p>[vc_row][vc_column width=&#8221;1\/3&#8243;][vc_single_image image=&#8221;1429&#8243; img_size=&#8221;large&#8221; parallax_scroll=&#8221;no&#8221;][\/vc_column][vc_column width=&#8221;2\/3&#8243;][vc_column_text text_larger=&#8221;no&#8221;]Meie m\u00fc\u00fcdav spetsiaaltehnika on kvaliteetne, usaldusv\u00e4\u00e4rne ja t\u00e4nap\u00e4evane. Sellise tehnika tootmise kohustuslik eeldus on<\/p>\n","protected":false},"author":1,"featured_media":0,"parent":0,"menu_order":0,"comment_status":"closed","ping_status":"closed","template":"","meta":[],"_links":{"self":[{"href":"https:\/\/www.bte.ee\/et\/wp-json\/wp\/v2\/pages\/75"}],"collection":[{"href":"https:\/\/www.bte.ee\/et\/wp-json\/wp\/v2\/pages"}],"about":[{"href":"https:\/\/www.bte.ee\/et\/wp-json\/wp\/v2\/types\/page"}],"author":[{"embeddable":true,"href":"https:\/\/www.bte.ee\/et\/wp-json\/wp\/v2\/users\/1"}],"replies":[{"embeddable":true,"href":"https:\/\/www.bte.ee\/et\/wp-json\/wp\/v2\/comments?post=75"}],"version-history":[{"count":10,"href":"https:\/\/www.bte.ee\/et\/wp-json\/wp\/v2\/pages\/75\/revisions"}],"predecessor-version":[{"id":1949,"href":"https:\/\/www.bte.ee\/et\/wp-json\/wp\/v2\/pages\/75\/revisions\/1949"}],"wp:attachment":[{"href":"https:\/\/www.bte.ee\/et\/wp-json\/wp\/v2\/media?parent=75"}],"curies":[{"name":"wp","href":"https:\/\/api.w.org\/{rel}","templated":true}]}}