{"id":826,"date":"2020-09-25T13:07:42","date_gmt":"2020-09-25T11:07:42","guid":{"rendered":"http:\/\/www.bte.ee\/en\/?page_id=826"},"modified":"2021-02-11T15:19:04","modified_gmt":"2021-02-11T13:19:04","slug":"tarne","status":"publish","type":"page","link":"https:\/\/www.bte.ee\/et\/transport-ja-seadmete-paigaldamine\/","title":{"rendered":"Transport"},"content":{"rendered":"<p>[vc_row][vc_column][vc_row_inner][vc_column_inner width=&#8221;1\/3&#8243;][vc_single_image image=&#8221;1426&#8243; img_size=&#8221;large&#8221; parallax_scroll=&#8221;no&#8221;][\/vc_column_inner][vc_column_inner width=&#8221;2\/3&#8243;][vc_column_text text_larger=&#8221;no&#8221;]<span style=\"font-size: 20px;\">Firma BTE omab pikaajalist kogemust suuremahuliste ja raskete vedude korraldamisel ning l\u00e4biviimisel eri liiki transpordiga ning pakub seda t\u00fc\u00fcpi veoste transporti \u00fcle kogu maailma.<\/span><\/p>\n<p><span style=\"font-size: 20px;\">Hangime vajalikud load, vormistame dokumendid, kindlustame, valmistame ette transpordiks, teeme kinnitusskeemid, transpordime ja vajadusel monteerime lahti v\u00f5etud masinad v\u00f5i seadmed. K\u00f5ik \u00fchest allikast \u2013 kiire, usaldusv\u00e4\u00e4rne, kvaliteetne!<\/span>[\/vc_column_text][\/vc_column_inner][\/vc_row_inner][vc_row_inner][vc_column_inner]<div class=\"vls-gf-gallery vls-gf-99 vls-gf-style-light vls-gf-style-none\" data-vls-gf-layout='{\"layout_type\":\"grid\",\"column_count\":4,\"column_count_xs\":1,\"aspect_ratio\":1,\"horizontal_spacing\":4,\"vertical_spacing\":4,\"align_bottom\":false,\"pagination_type\":\"none\",\"page_size\":0}' data-vls-gf-settings='{\"pagination_type\":\"none\"}'><style type=\"text\/css\">.vls-gf-99 figure a.vls-gf-main{display:block;position:absolute;top:0;bottom:0;left:0;right:0;opacity:0;z-index:90;}.vls-gf-99 figure .vls-gf-overlay{position:absolute;background-color:rgba(255, 255, 255, 0.3);left:0;right:0;top:0;bottom:0;opacity:0;z-index:10;transition:opacity 600ms ease;}.vls-gf-99 figure:hover .vls-gf-overlay{opacity:1;}<\/style><div class=\"vls-gf-container\"><figure class=\"vls-gf-100 vls-gf-init vls-gf-lazy\" data-vls-gf-thumbnail-width=\"800\" data-vls-gf-thumbnail-height=\"800\"><a class=\"vls-gf-main\" href=\"http:\/\/www.bte.ee\/wp-content\/gf-uploads\/2020\/09\/kont-1.jpg\"><\/a><div class=\"vls-gf-img\"><img data-src=\"http:\/\/www.bte.ee\/wp-content\/gf-uploads\/2020\/09\/preview-m\/kont-1-0.jpg?t=1601040226\" title=\"kont-1\"\/><\/div><div class=\"vls-gf-overlay\"><\/div><\/figure><figure class=\"vls-gf-101 vls-gf-init vls-gf-lazy\" data-vls-gf-thumbnail-width=\"800\" data-vls-gf-thumbnail-height=\"800\"><a class=\"vls-gf-main\" href=\"http:\/\/www.bte.ee\/wp-content\/gf-uploads\/2020\/09\/kont-2.jpg\"><\/a><div class=\"vls-gf-img\"><img data-src=\"http:\/\/www.bte.ee\/wp-content\/gf-uploads\/2020\/09\/preview-m\/kont-2-0.jpg?t=1601040233\" title=\"kont-2\"\/><\/div><div class=\"vls-gf-overlay\"><\/div><\/figure><figure class=\"vls-gf-102 vls-gf-init vls-gf-lazy\" data-vls-gf-thumbnail-width=\"800\" data-vls-gf-thumbnail-height=\"800\"><a class=\"vls-gf-main\" href=\"http:\/\/www.bte.ee\/wp-content\/gf-uploads\/2020\/09\/kont-3.jpg\"><\/a><div class=\"vls-gf-img\"><img data-src=\"http:\/\/www.bte.ee\/wp-content\/gf-uploads\/2020\/09\/preview-m\/kont-3-0.jpg?t=1601040235\" title=\"kont-3\"\/><\/div><div class=\"vls-gf-overlay\"><\/div><\/figure><figure class=\"vls-gf-103 vls-gf-init vls-gf-lazy\" data-vls-gf-thumbnail-width=\"800\" data-vls-gf-thumbnail-height=\"800\"><a class=\"vls-gf-main\" href=\"http:\/\/www.bte.ee\/wp-content\/gf-uploads\/2020\/09\/kont-4.jpg\"><\/a><div class=\"vls-gf-img\"><img data-src=\"http:\/\/www.bte.ee\/wp-content\/gf-uploads\/2020\/09\/preview-m\/kont-4-0.jpg?t=1601040241\" title=\"kont-4\"\/><\/div><div class=\"vls-gf-overlay\"><\/div><\/figure><figure class=\"vls-gf-104 vls-gf-init vls-gf-lazy\" data-vls-gf-thumbnail-width=\"800\" data-vls-gf-thumbnail-height=\"800\"><a class=\"vls-gf-main\" href=\"http:\/\/www.bte.ee\/wp-content\/gf-uploads\/2020\/09\/kont-5.jpg\"><\/a><div class=\"vls-gf-img\"><img data-src=\"http:\/\/www.bte.ee\/wp-content\/gf-uploads\/2020\/09\/preview-m\/kont-5-0.jpg?t=1601040244\" title=\"kont-5\"\/><\/div><div class=\"vls-gf-overlay\"><\/div><\/figure><figure class=\"vls-gf-106 vls-gf-init vls-gf-lazy\" data-vls-gf-thumbnail-width=\"800\" data-vls-gf-thumbnail-height=\"800\"><a class=\"vls-gf-main\" href=\"http:\/\/www.bte.ee\/wp-content\/gf-uploads\/2020\/09\/sdc10061.jpg\"><\/a><div class=\"vls-gf-img\"><img data-src=\"http:\/\/www.bte.ee\/wp-content\/gf-uploads\/2020\/09\/preview-m\/sdc10061-0.jpg?t=1601040252\" title=\"sdc10061\"\/><\/div><div class=\"vls-gf-overlay\"><\/div><\/figure><figure class=\"vls-gf-107 vls-gf-init vls-gf-lazy\" data-vls-gf-thumbnail-width=\"800\" data-vls-gf-thumbnail-height=\"800\"><a class=\"vls-gf-main\" href=\"http:\/\/www.bte.ee\/wp-content\/gf-uploads\/2020\/09\/sdc10129.jpg\"><\/a><div class=\"vls-gf-img\"><img data-src=\"http:\/\/www.bte.ee\/wp-content\/gf-uploads\/2020\/09\/preview-m\/sdc10129-0.jpg?t=1601040255\" title=\"sdc10129\"\/><\/div><div class=\"vls-gf-overlay\"><\/div><\/figure><figure class=\"vls-gf-159 vls-gf-init vls-gf-lazy\" data-vls-gf-thumbnail-width=\"800\" data-vls-gf-thumbnail-height=\"800\"><a class=\"vls-gf-main\" href=\"http:\/\/www.bte.ee\/wp-content\/gf-uploads\/2020\/12\/kont-6-1.jpg\"><\/a><div class=\"vls-gf-img\"><img data-src=\"http:\/\/www.bte.ee\/wp-content\/gf-uploads\/2020\/12\/preview-m\/kont-6-1-0.jpg?t=1608583993\" title=\"kont-6-1\"\/><\/div><div class=\"vls-gf-overlay\"><\/div><\/figure><\/div><\/div>[\/vc_column_inner][\/vc_row_inner][\/vc_column][\/vc_row]<\/p>","protected":false},"excerpt":{"rendered":"<p>[vc_row][vc_column][vc_row_inner][vc_column_inner width=&#8221;1\/3&#8243;][vc_single_image image=&#8221;1426&#8243; img_size=&#8221;large&#8221; parallax_scroll=&#8221;no&#8221;][\/vc_column_inner][vc_column_inner width=&#8221;2\/3&#8243;][vc_column_text text_larger=&#8221;no&#8221;]Firma BTE omab pikaajalist kogemust suuremahuliste ja raskete vedude korraldamisel ning l\u00e4biviimisel eri liiki<\/p>\n","protected":false},"author":1,"featured_media":0,"parent":0,"menu_order":0,"comment_status":"closed","ping_status":"closed","template":"","meta":[],"_links":{"self":[{"href":"https:\/\/www.bte.ee\/et\/wp-json\/wp\/v2\/pages\/826"}],"collection":[{"href":"https:\/\/www.bte.ee\/et\/wp-json\/wp\/v2\/pages"}],"about":[{"href":"https:\/\/www.bte.ee\/et\/wp-json\/wp\/v2\/types\/page"}],"author":[{"embeddable":true,"href":"https:\/\/www.bte.ee\/et\/wp-json\/wp\/v2\/users\/1"}],"replies":[{"embeddable":true,"href":"https:\/\/www.bte.ee\/et\/wp-json\/wp\/v2\/comments?post=826"}],"version-history":[{"count":14,"href":"https:\/\/www.bte.ee\/et\/wp-json\/wp\/v2\/pages\/826\/revisions"}],"predecessor-version":[{"id":1951,"href":"https:\/\/www.bte.ee\/et\/wp-json\/wp\/v2\/pages\/826\/revisions\/1951"}],"wp:attachment":[{"href":"https:\/\/www.bte.ee\/et\/wp-json\/wp\/v2\/media?parent=826"}],"curies":[{"name":"wp","href":"https:\/\/api.w.org\/{rel}","templated":true}]}}